{"id":1709,"date":"2013-11-12T09:30:45","date_gmt":"2013-11-12T09:30:45","guid":{"rendered":"http:\/\/galhano.com\/blog\/?page_id=1709"},"modified":"2018-08-27T11:05:05","modified_gmt":"2018-08-27T11:05:05","slug":"12-excelentes-bancos-de-imagens-gratuitas","status":"publish","type":"page","link":"http:\/\/galhano.com\/blog\/?page_id=1709","title":{"rendered":"12 excelentes bancos de imagens gratuitas"},"content":{"rendered":"<p><a href=\"https:\/\/pixabay.com\/\" target=\"_blank\" rel=\"noopener\">https:\/\/pixabay.com\/<\/a><\/p>\n<div>\n<h3><a href=\"http:\/\/www.sxc.hu\/\" target=\"_blank\" rel=\"noopener\">stock.xchng<\/a><\/h3>\n<p><a href=\"http:\/\/www.sxc.hu\/\" target=\"_blank\" rel=\"noopener\"><img decoding=\"async\" src=\"http:\/\/wwwhatsnew.com\/wp-content\/uploads\/2010\/01\/stock-xchng.jpg\" alt=\"stock.xchng\" width=\"440\" \/><\/a><\/p>\n<p><strong>stock.xchng<\/strong> \u00e9 um dos mais conhecidos, oferecendo milhares de imagens de todo tipo de muita alta qualidade. Excelente classifica\u00e7\u00e3o e custo zero.<\/p>\n<h3><a href=\"http:\/\/www.morguefile.com\/\" target=\"_blank\" rel=\"noopener\">MorgueFile<\/a><\/h3>\n<p><a href=\"http:\/\/www.morguefile.com\/\" target=\"_blank\" rel=\"noopener\"><img decoding=\"async\" src=\"http:\/\/wwwhatsnew.com\/wp-content\/uploads\/2010\/01\/morguefile.jpg\" alt=\"MorgueFile\" width=\"440\" \/><\/a><\/p>\n<p><strong>MorgueFile<\/strong> permite o download sem necessidade de cadastro. Podemos usar as imagens para praticamente qualquer trabalho usando seu tipo de licen\u00e7a.<\/p>\n<h3><a href=\"http:\/\/www.openphoto.net\/\" target=\"_blank\" rel=\"noopener\">openphoto<\/a><\/h3>\n<p><a href=\"http:\/\/www.openphoto.net\/\" target=\"_blank\" rel=\"noopener\"><img decoding=\"async\" src=\"http:\/\/wwwhatsnew.com\/wp-content\/uploads\/2010\/01\/openphoto.jpg\" alt=\"openphoto.net\" width=\"440\" \/><\/a><\/p>\n<p><strong>openphoto<\/strong> classifica milhares de fotos com licen\u00e7a CC:Attribution-ShareAlike, sendo necess\u00e1rio informar o nome do autor da imagem.<\/p>\n<h3><a href=\"http:\/\/www.photorack.net\/\" target=\"_blank\" rel=\"noopener\">Photo Rack<\/a><\/h3>\n<p><a href=\"http:\/\/www.photorack.net\/\" target=\"_blank\" rel=\"noopener\"><img decoding=\"async\" src=\"http:\/\/wwwhatsnew.com\/wp-content\/uploads\/2010\/01\/photorack.jpg\" alt=\"Photo Rack\" width=\"440\" \/><\/a><\/p>\n<p><strong>PhotoRack<\/strong> oferece um excelente buscador que permite encontrar fotos livres de uso para qualquer tipo de trabalho.<\/p>\n<h3><a href=\"http:\/\/www.unprofound.com\/\" target=\"_blank\" rel=\"noopener\">unprofound.com<\/a><\/h3>\n<p><a href=\"http:\/\/www.unprofound.com\/\" target=\"_blank\" rel=\"noopener\"><img decoding=\"async\" src=\"http:\/\/wwwhatsnew.com\/wp-content\/uploads\/2010\/01\/unprofound.jpg\" alt=\"unprofound\" width=\"440\" \/><\/a><\/p>\n<p><strong>unprofound.com<\/strong> tem um sistema de filtros por cores que permite encontrar maravilhas livres para usar em projetos comerciais e pessoais.<\/p>\n<h3><a href=\"http:\/\/freerangestock.com\/\" target=\"_blank\" rel=\"noopener\">Freerange Stock<\/a><\/h3>\n<p><a href=\"http:\/\/freerangestock.com\/\" target=\"_blank\" rel=\"noopener\"><img decoding=\"async\" src=\"http:\/\/wwwhatsnew.com\/wp-content\/uploads\/2010\/01\/freerange.jpg\" alt=\"Freerange Stock Photos\" width=\"440\" \/><\/a><\/p>\n<p>Sendo necess\u00e1rio o cadastro, podemos navegar pelas imagens e visitar as mais populares.<\/p>\n<h3><a href=\"http:\/\/www.freedigitalphotos.net\/\" target=\"_blank\" rel=\"noopener\">FreeDigitalPhotos.net<\/a><\/h3>\n<p><a href=\"http:\/\/www.freedigitalphotos.net\/\" target=\"_blank\" rel=\"noopener\"><img decoding=\"async\" src=\"http:\/\/wwwhatsnew.com\/wp-content\/uploads\/2010\/01\/freedigitalphotos.jpg\" alt=\"FreeDigitalPhotos.net\" width=\"440\" \/><\/a><\/p>\n<p><strong>FreeDigitalPhotos<\/strong> tem um plano n\u00e3o gratuito que permite baixar fotos de alta resolu\u00e7\u00e3o, ideal para projetos comerciais que precisem de grandes tamanhos.<\/p>\n<h3><a href=\"http:\/\/www.freefoto.com\/\" target=\"_blank\" rel=\"noopener\">FreeFoto.com<\/a><\/h3>\n<p><a href=\"http:\/\/www.freefoto.com\/\" target=\"_blank\" rel=\"noopener\"><img decoding=\"async\" src=\"http:\/\/wwwhatsnew.com\/wp-content\/uploads\/2010\/01\/freephoto-com.jpg\" alt=\"FreePhoto.com\" width=\"440\" \/><\/a><\/p>\n<p><strong>FreeFoto<\/strong> tem milhares de imagens que podem ser usadas para finalidade n\u00e3o comercial.<\/p>\n<h3><a href=\"http:\/\/www.freepixels.com\/\" target=\"_blank\" rel=\"noopener\">FreePixels<\/a><\/h3>\n<p><a href=\"http:\/\/www.freepixels.com\/\" target=\"_blank\" rel=\"noopener\"><img decoding=\"async\" src=\"http:\/\/wwwhatsnew.com\/wp-content\/uploads\/2010\/01\/freepixels.jpg\" alt=\"FreePixels.com\" width=\"440\" \/><\/a><\/p>\n<p><strong>FreePixels<\/strong> \u00e9 uma cole\u00e7\u00e3o de fotos de muita alta qualidade, mas n\u00e3o tem um n\u00famero muito grande.<\/p>\n<h3><a href=\"http:\/\/www.public-domain-photos.com\/\" target=\"_blank\" rel=\"noopener\">Public Domain Photos<\/a><\/h3>\n<p><a href=\"http:\/\/www.public-domain-photos.com\/\" target=\"_blank\" rel=\"noopener\"><img decoding=\"async\" src=\"http:\/\/wwwhatsnew.com\/wp-content\/uploads\/2010\/01\/public-domain-photos.jpg\" alt=\"Public Domain Photos\" width=\"440\" \/><\/a><\/p>\n<p>Sem necessidade de cadastro, oferece mais de 15000 fotos de v\u00e1rias categorias.<\/p>\n<h3><a href=\"http:\/\/www.designpacks.com\/\" target=\"_blank\" rel=\"noopener\">DesignPacks<\/a><\/h3>\n<p><a href=\"http:\/\/www.designpacks.com\/\" target=\"_blank\" rel=\"noopener\"><img decoding=\"async\" src=\"http:\/\/wwwhatsnew.com\/wp-content\/uploads\/2010\/01\/designpacks.jpg\" alt=\"DesignPacks\" width=\"440\" \/><\/a><\/p>\n<p>Oferece a possibilidade de fazer o download de packs de 15 fotos. N\u00e3o tem muita quantidade, mas a qualidade compensa.<\/p>\n<h3><a href=\"http:\/\/www.everystockphoto.com\/\" target=\"_blank\" rel=\"noopener\">Everystockphoto.com<\/a><\/h3>\n<p><a href=\"http:\/\/www.everystockphoto.com\/\" target=\"_blank\" rel=\"noopener\"><img decoding=\"async\" src=\"http:\/\/wwwhatsnew.com\/wp-content\/uploads\/2010\/01\/everystockphoto.jpg\" alt=\"Everystockphoto\" width=\"440\" \/><\/a><\/p>\n<p><strong>Everystockphoto.com<\/strong> oferece mais de 5 milh\u00f5es de fotos obtidas de diversos bancos de imagens.<\/p>\n<\/div>\n","protected":false},"excerpt":{"rendered":"<p>https:\/\/pixabay.com\/ stock.xchng stock.xchng \u00e9 um dos mais conhecidos, oferecendo milhares de imagens de todo tipo de muita alta qualidade. Excelente classifica\u00e7\u00e3o e custo zero. MorgueFile MorgueFile permite o download sem necessidade de cadastro. Podemos usar as imagens para praticamente qualquer trabalho usando seu tipo de licen\u00e7a. openphoto openphoto classifica milhares de fotos com licen\u00e7a CC:Attribution-ShareAlike, [&hellip;]<\/p>\n","protected":false},"author":1,"featured_media":0,"parent":1676,"menu_order":0,"comment_status":"close","ping_status":"close","template":"","meta":{"footnotes":""},"class_list":["post-1709","page","type-page","status-publish","hentry","author-admin"],"_links":{"self":[{"href":"http:\/\/galhano.com\/blog\/index.php?rest_route=\/wp\/v2\/pages\/1709","targetHints":{"allow":["GET"]}}],"collection":[{"href":"http:\/\/galhano.com\/blog\/index.php?rest_route=\/wp\/v2\/pages"}],"about":[{"href":"http:\/\/galhano.com\/blog\/index.php?rest_route=\/wp\/v2\/types\/page"}],"author":[{"embeddable":true,"href":"http:\/\/galhano.com\/blog\/index.php?rest_route=\/wp\/v2\/users\/1"}],"replies":[{"embeddable":true,"href":"http:\/\/galhano.com\/blog\/index.php?rest_route=%2Fwp%2Fv2%2Fcomments&post=1709"}],"version-history":[{"count":4,"href":"http:\/\/galhano.com\/blog\/index.php?rest_route=\/wp\/v2\/pages\/1709\/revisions"}],"predecessor-version":[{"id":2294,"href":"http:\/\/galhano.com\/blog\/index.php?rest_route=\/wp\/v2\/pages\/1709\/revisions\/2294"}],"up":[{"embeddable":true,"href":"http:\/\/galhano.com\/blog\/index.php?rest_route=\/wp\/v2\/pages\/1676"}],"wp:attachment":[{"href":"http:\/\/galhano.com\/blog\/index.php?rest_route=%2Fwp%2Fv2%2Fmedia&parent=1709"}],"curies":[{"name":"wp","href":"https:\/\/api.w.org\/{rel}","templated":true}]}}